{"id":2245,"date":"2025-04-06T21:55:49","date_gmt":"2025-04-06T21:55:49","guid":{"rendered":"https:\/\/mistyrose-giraffe-424679.hostingersite.com\/?page_id=2245"},"modified":"2025-09-14T16:09:28","modified_gmt":"2025-09-14T16:09:28","slug":"fichas-tecnicas-policia","status":"publish","type":"page","link":"https:\/\/nopapersolution.com\/ca\/fichas-tecnicas-policia\/","title":{"rendered":"Fichas t\u00e9cnicas Policia"},"content":{"rendered":"<style>.elementor-2245 .elementor-element.elementor-element-0405881:not(.elementor-motion-effects-element-type-background), .elementor-2245 .elementor-element.elementor-element-0405881 > .elementor-motion-effects-container > .elementor-motion-effects-layer{background-image:url(\"https:\/\/nopapersolution.com\/wp-content\/uploads\/2025\/04\/6-1.webp\");background-position:center center;background-repeat:no-repeat;background-size:cover;}.elementor-2245 .elementor-element.elementor-element-0405881 > .elementor-background-overlay{background-color:var( --e-global-color-secondary );opacity:0.55;transition:background 0.3s, border-radius 0.3s, opacity 0.3s;}.elementor-2245 .elementor-element.elementor-element-0405881{transition:background 0.3s, border 0.3s, border-radius 0.3s, box-shadow 0.3s;margin-top:-114px;margin-bottom:0px;padding:196px 0px 100px 0px;}.elementor-2245 .elementor-element.elementor-element-49cfeb1{text-align:center;}.elementor-2245 .elementor-element.elementor-element-49cfeb1 .elementor-heading-title{font-family:var( --e-global-typography-secondary-font-family ), Sans-serif;font-size:var( --e-global-typography-secondary-font-size );font-weight:var( --e-global-typography-secondary-font-weight );line-height:var( --e-global-typography-secondary-line-height );color:#FFFFFF;}.elementor-2245 .elementor-element.elementor-element-36afcb7 .elementor-icon-list-icon i{color:#D1B472;transition:color 0.3s;}.elementor-2245 .elementor-element.elementor-element-36afcb7 .elementor-icon-list-icon svg{fill:#D1B472;transition:fill 0.3s;}.elementor-2245 .elementor-element.elementor-element-36afcb7{--e-icon-list-icon-size:14px;--icon-vertical-offset:0px;}.elementor-2245 .elementor-element.elementor-element-36afcb7 .elementor-icon-list-icon{padding-inline-end:10px;}.elementor-2245 .elementor-element.elementor-element-36afcb7 .elementor-icon-list-text{color:#FFFFFF;transition:color 0.3s;}.elementor-2245 .elementor-element.elementor-element-1af4fa2{--spacer-size:50px;}.elementor-2245 .elementor-element.elementor-element-d516562{text-align:center;}.elementor-2245 .elementor-element.elementor-element-d516562 .elementor-heading-title{font-size:23px;}.elementor-2245 .elementor-element.elementor-element-c8329ac{--spacer-size:10px;}.elementor-2245 .elementor-element.elementor-element-73cef2b{--spacer-size:50px;}.elementor-2245 .elementor-element.elementor-element-98945b3{--spacer-size:50px;}@media(max-width:1024px){.elementor-2245 .elementor-element.elementor-element-0405881{padding:200px 0px 120px 0px;}.elementor-2245 .elementor-element.elementor-element-49cfeb1 .elementor-heading-title{font-size:var( --e-global-typography-secondary-font-size );line-height:var( --e-global-typography-secondary-line-height );}}@media(max-width:767px){.elementor-2245 .elementor-element.elementor-element-0405881{padding:180px 0px 100px 0px;}.elementor-2245 .elementor-element.elementor-element-49cfeb1 .elementor-heading-title{font-size:var( --e-global-typography-secondary-font-size );line-height:var( --e-global-typography-secondary-line-height );}}<\/style>\t\t<div data-elementor-type=\"wp-page\" data-elementor-id=\"2245\" class=\"elementor elementor-2245\" data-elementor-post-type=\"page\">\n\t\t\t\t\t\t<section class=\"elementor-section elementor-top-section elementor-element elementor-element-0405881 elementor-section-boxed elementor-section-height-default elementor-section-height-default\" data-id=\"0405881\" data-element_type=\"section\" data-e-type=\"section\" data-settings=\"{&quot;background_background&quot;:&quot;classic&quot;}\">\n\t\t\t\t\t\t\t<div class=\"elementor-background-overlay\"><\/div>\n\t\t\t\t\t\t\t<div class=\"elementor-container elementor-column-gap-default\">\n\t\t\t\t\t<div class=\"elementor-column elementor-col-100 elementor-top-column elementor-element elementor-element-c2e6d72\" data-id=\"c2e6d72\" data-element_type=\"column\" data-e-type=\"column\">\n\t\t\t<div class=\"elementor-widget-wrap elementor-element-populated\">\n\t\t\t\t\t\t<div class=\"elementor-element elementor-element-49cfeb1 elementor-widget elementor-widget-heading\" data-id=\"49cfeb1\" data-element_type=\"widget\" data-e-type=\"widget\" data-widget_type=\"heading.default\">\n\t\t\t\t<div class=\"elementor-widget-container\">\n\t\t\t\t\t<h2 class=\"elementor-heading-title elementor-size-default\">FICHAS T\u00c9CNICAS POLICIA<\/h2>\t\t\t\t<\/div>\n\t\t\t\t<\/div>\n\t\t\t\t<div class=\"elementor-element elementor-element-36afcb7 elementor-icon-list--layout-inline elementor-align-center elementor-list-item-link-full_width elementor-widget elementor-widget-icon-list\" data-id=\"36afcb7\" data-element_type=\"widget\" data-e-type=\"widget\" data-widget_type=\"icon-list.default\">\n\t\t\t\t<div class=\"elementor-widget-container\">\n\t\t\t\t\t\t\t<ul class=\"elementor-icon-list-items elementor-inline-items\">\n\t\t\t\t\t\t\t<li class=\"elementor-icon-list-item elementor-inline-item\">\n\t\t\t\t\t\t\t\t\t\t<span class=\"elementor-icon-list-text\">Inici<\/span>\n\t\t\t\t\t\t\t\t\t<\/li>\n\t\t\t\t\t\t\t\t<li class=\"elementor-icon-list-item elementor-inline-item\">\n\t\t\t\t\t\t\t\t\t\t\t<span class=\"elementor-icon-list-icon\">\n\t\t\t\t\t\t\t<svg aria-hidden=\"true\" class=\"e-font-icon-svg e-fas-chevron-right\" viewbox=\"0 0 320 512\" xmlns=\"http:\/\/www.w3.org\/2000\/svg\"><path d=\"M285.476 272.971L91.132 467.314c-9.373 9.373-24.569 9.373-33.941 0l-22.667-22.667c-9.357-9.357-9.375-24.522-.04-33.901L188.505 256 34.484 101.255c-9.335-9.379-9.317-24.544.04-33.901l22.667-22.667c9.373-9.373 24.569-9.373 33.941 0L285.475 239.03c9.373 9.372 9.373 24.568.001 33.941z\"><\/path><\/svg>\t\t\t\t\t\t<\/span>\n\t\t\t\t\t\t\t\t\t\t<span class=\"elementor-icon-list-text\">Fichas t\u00e9cnicas Policia<\/span>\n\t\t\t\t\t\t\t\t\t<\/li>\n\t\t\t\t\t\t<\/ul>\n\t\t\t\t\t\t<\/div>\n\t\t\t\t<\/div>\n\t\t\t\t\t<\/div>\n\t\t<\/div>\n\t\t\t\t\t<\/div>\n\t\t<\/section>\n\t\t\t\t<section class=\"elementor-section elementor-top-section elementor-element elementor-element-9a53bb2 elementor-section-boxed elementor-section-height-default elementor-section-height-default\" data-id=\"9a53bb2\" data-element_type=\"section\" data-e-type=\"section\">\n\t\t\t\t\t\t<div class=\"elementor-container elementor-column-gap-default\">\n\t\t\t\t\t<div class=\"elementor-column elementor-col-100 elementor-top-column elementor-element elementor-element-2cd6a17\" data-id=\"2cd6a17\" data-element_type=\"column\" data-e-type=\"column\">\n\t\t\t<div class=\"elementor-widget-wrap elementor-element-populated\">\n\t\t\t\t\t\t<div class=\"elementor-element elementor-element-1af4fa2 elementor-widget elementor-widget-spacer\" data-id=\"1af4fa2\" data-element_type=\"widget\" data-e-type=\"widget\" data-widget_type=\"spacer.default\">\n\t\t\t\t<div class=\"elementor-widget-container\">\n\t\t\t\t\t\t\t<div class=\"elementor-spacer\">\n\t\t\t<div class=\"elementor-spacer-inner\"><\/div>\n\t\t<\/div>\n\t\t\t\t\t\t<\/div>\n\t\t\t\t<\/div>\n\t\t\t\t<div class=\"elementor-element elementor-element-d516562 elementor-widget elementor-widget-heading\" data-id=\"d516562\" data-element_type=\"widget\" data-e-type=\"widget\" data-widget_type=\"heading.default\">\n\t\t\t\t<div class=\"elementor-widget-container\">\n\t\t\t\t\t<h2 class=\"elementor-heading-title elementor-size-default\">DESCARGAR FICHA T\u00c9CNICA POLICIA<\/h2>\t\t\t\t<\/div>\n\t\t\t\t<\/div>\n\t\t\t\t<div class=\"elementor-element elementor-element-c8329ac elementor-widget elementor-widget-spacer\" data-id=\"c8329ac\" data-element_type=\"widget\" data-e-type=\"widget\" data-widget_type=\"spacer.default\">\n\t\t\t\t<div class=\"elementor-widget-container\">\n\t\t\t\t\t\t\t<div class=\"elementor-spacer\">\n\t\t\t<div class=\"elementor-spacer-inner\"><\/div>\n\t\t<\/div>\n\t\t\t\t\t\t<\/div>\n\t\t\t\t<\/div>\n\t\t\t\t\t<\/div>\n\t\t<\/div>\n\t\t\t\t\t<\/div>\n\t\t<\/section>\n\t\t\t\t<section class=\"elementor-section elementor-top-section elementor-element elementor-element-a116551 elementor-section-boxed elementor-section-height-default elementor-section-height-default\" data-id=\"a116551\" data-element_type=\"section\" data-e-type=\"section\">\n\t\t\t\t\t\t<div class=\"elementor-container elementor-column-gap-default\">\n\t\t\t\t\t<div class=\"elementor-column elementor-col-25 elementor-top-column elementor-element elementor-element-36cd7fd\" data-id=\"36cd7fd\" data-element_type=\"column\" data-e-type=\"column\">\n\t\t\t<div class=\"elementor-widget-wrap elementor-element-populated\">\n\t\t\t\t\t\t<div class=\"elementor-element elementor-element-3e544a6 elementor-widget elementor-widget-button\" data-id=\"3e544a6\" data-element_type=\"widget\" data-e-type=\"widget\" data-widget_type=\"button.default\">\n\t\t\t\t<div class=\"elementor-widget-container\">\n\t\t\t\t\t\t\t\t\t<div class=\"elementor-button-wrapper\">\n\t\t\t\t\t<a class=\"elementor-button elementor-button-link elementor-size-sm\" href=\"https:\/\/nopapersolution.com\/wp-content\/uploads\/2025\/04\/POLICIA_ISTAT_ESP-1.pdf\">\n\t\t\t\t\t\t<span class=\"elementor-button-content-wrapper\">\n\t\t\t\t\t\t\t\t\t<span class=\"elementor-button-text\">ESPANYOL<\/span>\n\t\t\t\t\t<\/span>\n\t\t\t\t\t<\/a>\n\t\t\t\t<\/div>\n\t\t\t\t\t\t\t\t<\/div>\n\t\t\t\t<\/div>\n\t\t\t\t\t<\/div>\n\t\t<\/div>\n\t\t\t\t<div class=\"elementor-column elementor-col-25 elementor-top-column elementor-element elementor-element-48c94af\" data-id=\"48c94af\" data-element_type=\"column\" data-e-type=\"column\">\n\t\t\t<div class=\"elementor-widget-wrap elementor-element-populated\">\n\t\t\t\t\t\t<div class=\"elementor-element elementor-element-23426d2 elementor-widget elementor-widget-button\" data-id=\"23426d2\" data-element_type=\"widget\" data-e-type=\"widget\" data-widget_type=\"button.default\">\n\t\t\t\t<div class=\"elementor-widget-container\">\n\t\t\t\t\t\t\t\t\t<div class=\"elementor-button-wrapper\">\n\t\t\t\t\t<a class=\"elementor-button elementor-button-link elementor-size-sm\" href=\"https:\/\/nopapersolution.com\/wp-content\/uploads\/2025\/04\/POLICIA_ISTAT_CAT.pdf\">\n\t\t\t\t\t\t<span class=\"elementor-button-content-wrapper\">\n\t\t\t\t\t\t\t\t\t<span class=\"elementor-button-text\">CATAL\u00c1N<\/span>\n\t\t\t\t\t<\/span>\n\t\t\t\t\t<\/a>\n\t\t\t\t<\/div>\n\t\t\t\t\t\t\t\t<\/div>\n\t\t\t\t<\/div>\n\t\t\t\t\t<\/div>\n\t\t<\/div>\n\t\t\t\t<div class=\"elementor-column elementor-col-25 elementor-top-column elementor-element elementor-element-a794bc9\" data-id=\"a794bc9\" data-element_type=\"column\" data-e-type=\"column\">\n\t\t\t<div class=\"elementor-widget-wrap elementor-element-populated\">\n\t\t\t\t\t\t<div class=\"elementor-element elementor-element-a9048e9 elementor-widget elementor-widget-button\" data-id=\"a9048e9\" data-element_type=\"widget\" data-e-type=\"widget\" data-widget_type=\"button.default\">\n\t\t\t\t<div class=\"elementor-widget-container\">\n\t\t\t\t\t\t\t\t\t<div class=\"elementor-button-wrapper\">\n\t\t\t\t\t<a class=\"elementor-button elementor-button-link elementor-size-sm\" href=\"https:\/\/nopapersolution.com\/wp-content\/uploads\/2025\/04\/POLICESTATISTICS-ING.pdf\">\n\t\t\t\t\t\t<span class=\"elementor-button-content-wrapper\">\n\t\t\t\t\t\t\t\t\t<span class=\"elementor-button-text\">NGL\u00c8S<\/span>\n\t\t\t\t\t<\/span>\n\t\t\t\t\t<\/a>\n\t\t\t\t<\/div>\n\t\t\t\t\t\t\t\t<\/div>\n\t\t\t\t<\/div>\n\t\t\t\t\t<\/div>\n\t\t<\/div>\n\t\t\t\t<div class=\"elementor-column elementor-col-25 elementor-top-column elementor-element elementor-element-b1dc702\" data-id=\"b1dc702\" data-element_type=\"column\" data-e-type=\"column\">\n\t\t\t<div class=\"elementor-widget-wrap elementor-element-populated\">\n\t\t\t\t\t\t<div class=\"elementor-element elementor-element-9355fcb elementor-widget elementor-widget-button\" data-id=\"9355fcb\" data-element_type=\"widget\" data-e-type=\"widget\" data-widget_type=\"button.default\">\n\t\t\t\t<div class=\"elementor-widget-container\">\n\t\t\t\t\t\t\t\t\t<div class=\"elementor-button-wrapper\">\n\t\t\t\t\t<a class=\"elementor-button elementor-button-link elementor-size-sm\" href=\"https:\/\/nopapersolution.com\/wp-content\/uploads\/2025\/04\/POLICIA_ISTAT_IT.pdf\">\n\t\t\t\t\t\t<span class=\"elementor-button-content-wrapper\">\n\t\t\t\t\t\t\t\t\t<span class=\"elementor-button-text\">ITALI\u00c0<\/span>\n\t\t\t\t\t<\/span>\n\t\t\t\t\t<\/a>\n\t\t\t\t<\/div>\n\t\t\t\t\t\t\t\t<\/div>\n\t\t\t\t<\/div>\n\t\t\t\t\t<\/div>\n\t\t<\/div>\n\t\t\t\t\t<\/div>\n\t\t<\/section>\n\t\t\t\t<section class=\"elementor-section elementor-top-section elementor-element elementor-element-5cdd66f elementor-section-boxed elementor-section-height-default elementor-section-height-default\" data-id=\"5cdd66f\" data-element_type=\"section\" data-e-type=\"section\">\n\t\t\t\t\t\t<div class=\"elementor-container elementor-column-gap-default\">\n\t\t\t\t\t<div class=\"elementor-column elementor-col-100 elementor-top-column elementor-element elementor-element-ccc787d\" data-id=\"ccc787d\" data-element_type=\"column\" data-e-type=\"column\">\n\t\t\t<div class=\"elementor-widget-wrap elementor-element-populated\">\n\t\t\t\t\t\t<div class=\"elementor-element elementor-element-73cef2b elementor-widget elementor-widget-spacer\" data-id=\"73cef2b\" data-element_type=\"widget\" data-e-type=\"widget\" data-widget_type=\"spacer.default\">\n\t\t\t\t<div class=\"elementor-widget-container\">\n\t\t\t\t\t\t\t<div class=\"elementor-spacer\">\n\t\t\t<div class=\"elementor-spacer-inner\"><\/div>\n\t\t<\/div>\n\t\t\t\t\t\t<\/div>\n\t\t\t\t<\/div>\n\t\t\t\t\t<\/div>\n\t\t<\/div>\n\t\t\t\t\t<\/div>\n\t\t<\/section>\n\t\t\t\t<section class=\"elementor-section elementor-top-section elementor-element elementor-element-2524f66 elementor-section-boxed elementor-section-height-default elementor-section-height-default\" data-id=\"2524f66\" data-element_type=\"section\" data-e-type=\"section\">\n\t\t\t\t\t\t<div class=\"elementor-container elementor-column-gap-default\">\n\t\t\t\t\t<div class=\"elementor-column elementor-col-100 elementor-top-column elementor-element elementor-element-eaa7b69\" data-id=\"eaa7b69\" data-element_type=\"column\" data-e-type=\"column\">\n\t\t\t<div class=\"elementor-widget-wrap elementor-element-populated\">\n\t\t\t\t\t\t<div class=\"elementor-element elementor-element-98945b3 elementor-widget elementor-widget-spacer\" data-id=\"98945b3\" data-element_type=\"widget\" data-e-type=\"widget\" data-widget_type=\"spacer.default\">\n\t\t\t\t<div class=\"elementor-widget-container\">\n\t\t\t\t\t\t\t<div class=\"elementor-spacer\">\n\t\t\t<div class=\"elementor-spacer-inner\"><\/div>\n\t\t<\/div>\n\t\t\t\t\t\t<\/div>\n\t\t\t\t<\/div>\n\t\t\t\t\t<\/div>\n\t\t<\/div>\n\t\t\t\t\t<\/div>\n\t\t<\/section>\n\t\t\t\t<\/div>","protected":false},"excerpt":{"rendered":"<p>FICHAS T\u00c9CNICAS POLICIA Home Fichas t\u00e9cnicas Policia DESCARGAR FICHA T\u00c9CNICA POLICIA ESPA\u00d1OL CATAL\u00c1N INGL\u00c9S ITALIANO<\/p>","protected":false},"author":2,"featured_media":0,"parent":0,"menu_order":0,"comment_status":"closed","ping_status":"closed","template":"elementor_header_footer","meta":{"postBodyCss":"","postBodyMargin":[],"postBodyPadding":[],"postBodyBackground":{"backgroundType":"classic","gradient":""},"footnotes":""},"class_list":["post-2245","page","type-page","status-publish","hentry"],"_links":{"self":[{"href":"https:\/\/nopapersolution.com\/ca\/wp-json\/wp\/v2\/pages\/2245","targetHints":{"allow":["GET"]}}],"collection":[{"href":"https:\/\/nopapersolution.com\/ca\/wp-json\/wp\/v2\/pages"}],"about":[{"href":"https:\/\/nopapersolution.com\/ca\/wp-json\/wp\/v2\/types\/page"}],"author":[{"embeddable":true,"href":"https:\/\/nopapersolution.com\/ca\/wp-json\/wp\/v2\/users\/2"}],"replies":[{"embeddable":true,"href":"https:\/\/nopapersolution.com\/ca\/wp-json\/wp\/v2\/comments?post=2245"}],"version-history":[{"count":13,"href":"https:\/\/nopapersolution.com\/ca\/wp-json\/wp\/v2\/pages\/2245\/revisions"}],"predecessor-version":[{"id":3239,"href":"https:\/\/nopapersolution.com\/ca\/wp-json\/wp\/v2\/pages\/2245\/revisions\/3239"}],"wp:attachment":[{"href":"https:\/\/nopapersolution.com\/ca\/wp-json\/wp\/v2\/media?parent=2245"}],"curies":[{"name":"wp","href":"https:\/\/api.w.org\/{rel}","templated":true}]}}