{"id":2515,"date":"2025-04-14T11:04:55","date_gmt":"2025-04-14T11:04:55","guid":{"rendered":"https:\/\/mistyrose-giraffe-424679.hostingersite.com\/?page_id=2515"},"modified":"2025-04-14T11:09:01","modified_gmt":"2025-04-14T11:09:01","slug":"soporte-cliente-contacto","status":"publish","type":"page","link":"https:\/\/nopapersolution.com\/ca\/soporte-cliente-contacto\/","title":{"rendered":""},"content":{"rendered":"<style>.elementor-2515 .elementor-element.elementor-element-82e7fa9 > .elementor-container{max-width:700px;min-height:844px;}.elementor-2515 .elementor-element.elementor-element-82e7fa9 > .elementor-container > .elementor-column > .elementor-widget-wrap{align-content:flex-end;align-items:flex-end;}.elementor-2515 .elementor-element.elementor-element-82e7fa9:not(.elementor-motion-effects-element-type-background), .elementor-2515 .elementor-element.elementor-element-82e7fa9 > .elementor-motion-effects-container > .elementor-motion-effects-layer{background-color:#00041d;}.elementor-2515 .elementor-element.elementor-element-82e7fa9 > .elementor-background-overlay{background-image:url(\"https:\/\/nopapersolution.com\/wp-content\/uploads\/2025\/04\/marty-mcguire-326092-unsplash.jpg\");background-position:bottom center;background-repeat:no-repeat;background-size:auto;opacity:0.3;mix-blend-mode:lighten;transition:background 0.3s, border-radius 0.3s, opacity 0.3s;}.elementor-2515 .elementor-element.elementor-element-82e7fa9{transition:background 0.3s, border 0.3s, border-radius 0.3s, box-shadow 0.3s;padding:100px 0px 0px 0px;}.elementor-bc-flex-widget .elementor-2515 .elementor-element.elementor-element-304e15e1.elementor-column .elementor-widget-wrap{align-items:flex-start;}.elementor-2515 .elementor-element.elementor-element-304e15e1.elementor-column.elementor-element[data-element_type=\"column\"] > .elementor-widget-wrap.elementor-element-populated{align-content:flex-start;align-items:flex-start;}.elementor-2515 .elementor-element.elementor-element-28cf7cd3{text-align:start;}.elementor-2515 .elementor-element.elementor-element-28cf7cd3 .elementor-heading-title{font-family:\"Lato\", Sans-serif;font-size:52px;font-weight:800;text-transform:uppercase;line-height:1em;letter-spacing:2px;color:#ffffff;}.elementor-2515 .elementor-element.elementor-element-21fefdd9{--spacer-size:50px;}.elementor-2515 .elementor-element.elementor-element-21fefdd9 > .elementor-widget-container{border-style:solid;border-width:0px 0px 0px 2px;border-color:#ffffff;}.elementor-2515 .elementor-element.elementor-element-5bce7878{font-family:\"Lato\", Sans-serif;font-size:16px;font-weight:normal;line-height:27px;color:#ffffff;}.elementor-2515 .elementor-element.elementor-element-3d2334b1{--spacer-size:20px;}.elementor-2515 .elementor-element.elementor-element-3d2334b1 > .elementor-widget-container{border-style:solid;border-width:0px 0px 0px 0px;border-color:#ffffff;}@media(min-width:1025px){.elementor-2515 .elementor-element.elementor-element-82e7fa9 > .elementor-background-overlay{background-attachment:fixed;}}@media(max-width:1024px){.elementor-2515 .elementor-element.elementor-element-304e15e1 > .elementor-element-populated{margin:0% 010% 0% 10%;--e-column-margin-right:010%;--e-column-margin-left:10%;}.elementor-2515 .elementor-element.elementor-element-5bce7878 > .elementor-widget-container{padding:0px 0px 0px 0px;}}@media(max-width:767px){.elementor-2515 .elementor-element.elementor-element-304e15e1 > .elementor-element-populated{margin:0px 0px 0px 0px;--e-column-margin-right:0px;--e-column-margin-left:0px;}.elementor-2515 .elementor-element.elementor-element-28cf7cd3 .elementor-heading-title{font-size:24px;}}<\/style>\t\t<div data-elementor-type=\"wp-page\" data-elementor-id=\"2515\" class=\"elementor elementor-2515\" data-elementor-post-type=\"page\">\n\t\t\t\t\t\t<section class=\"elementor-section elementor-top-section elementor-element elementor-element-82e7fa9 elementor-section-height-min-height elementor-section-items-stretch elementor-section-content-bottom elementor-section-boxed elementor-section-height-default\" data-id=\"82e7fa9\" data-element_type=\"section\" data-e-type=\"section\" data-settings=\"{&quot;background_background&quot;:&quot;classic&quot;}\">\n\t\t\t\t\t\t\t<div class=\"elementor-background-overlay\"><\/div>\n\t\t\t\t\t\t\t<div class=\"elementor-container elementor-column-gap-default\">\n\t\t\t\t\t<div class=\"elementor-column elementor-col-100 elementor-top-column elementor-element elementor-element-304e15e1\" data-id=\"304e15e1\" data-element_type=\"column\" data-e-type=\"column\">\n\t\t\t<div class=\"elementor-widget-wrap elementor-element-populated\">\n\t\t\t\t\t\t<section class=\"elementor-section elementor-inner-section elementor-element elementor-element-4af5e838 elementor-section-boxed elementor-section-height-default elementor-section-height-default\" data-id=\"4af5e838\" data-element_type=\"section\" data-e-type=\"section\">\n\t\t\t\t\t\t<div class=\"elementor-container elementor-column-gap-default\">\n\t\t\t\t\t<div class=\"elementor-column elementor-col-100 elementor-inner-column elementor-element elementor-element-677c437b\" data-id=\"677c437b\" data-element_type=\"column\" data-e-type=\"column\">\n\t\t\t<div class=\"elementor-widget-wrap elementor-element-populated\">\n\t\t\t\t\t\t<div class=\"elementor-element elementor-element-28cf7cd3 animated-slow elementor-invisible elementor-widget elementor-widget-heading\" data-id=\"28cf7cd3\" data-element_type=\"widget\" data-e-type=\"widget\" data-settings=\"{&quot;_animation&quot;:&quot;fadeInUp&quot;,&quot;_animation_delay&quot;:100}\" data-widget_type=\"heading.default\">\n\t\t\t\t<div class=\"elementor-widget-container\">\n\t\t\t\t\t<h1 class=\"elementor-heading-title elementor-size-default\">soporte \u00e1rea cliente<\/h1>\t\t\t\t<\/div>\n\t\t\t\t<\/div>\n\t\t\t\t<div class=\"elementor-element elementor-element-21fefdd9 elementor-invisible elementor-widget elementor-widget-spacer\" data-id=\"21fefdd9\" data-element_type=\"widget\" data-e-type=\"widget\" data-settings=\"{&quot;_animation&quot;:&quot;fadeInDown&quot;}\" data-widget_type=\"spacer.default\">\n\t\t\t\t<div class=\"elementor-widget-container\">\n\t\t\t\t\t\t\t<div class=\"elementor-spacer\">\n\t\t\t<div class=\"elementor-spacer-inner\"><\/div>\n\t\t<\/div>\n\t\t\t\t\t\t<\/div>\n\t\t\t\t<\/div>\n\t\t\t\t<div class=\"elementor-element elementor-element-5bce7878 elementor-widget elementor-widget-text-editor\" data-id=\"5bce7878\" data-element_type=\"widget\" data-e-type=\"widget\" data-widget_type=\"text-editor.default\">\n\t\t\t\t<div class=\"elementor-widget-container\">\n\t\t\t\t\t\t\t\t\t<p class=\"\" data-start=\"193\" data-end=\"262\">\u00bfTienes alguna duda, incidencia o necesitas asistencia con tu cuenta?<\/p><p class=\"\" data-start=\"264\" data-end=\"472\">Por favor, completa el siguiente formulario y nuestro equipo de soporte se pondr\u00e1 en contacto contigo lo antes posible.<br data-start=\"383\" data-end=\"386\" \/>Cu\u00e9ntanos con detalle tu consulta para poder ayudarte de forma m\u00e1s r\u00e1pida y eficiente.<\/p>\t\t\t\t\t\t\t\t<\/div>\n\t\t\t\t<\/div>\n\t\t\t\t\t<\/div>\n\t\t<\/div>\n\t\t\t\t\t<\/div>\n\t\t<\/section>\n\t\t\t\t<div class=\"elementor-element elementor-element-3d2334b1 elementor-invisible elementor-widget elementor-widget-spacer\" data-id=\"3d2334b1\" data-element_type=\"widget\" data-e-type=\"widget\" data-settings=\"{&quot;_animation&quot;:&quot;fadeInDown&quot;}\" data-widget_type=\"spacer.default\">\n\t\t\t\t<div class=\"elementor-widget-container\">\n\t\t\t\t\t\t\t<div class=\"elementor-spacer\">\n\t\t\t<div class=\"elementor-spacer-inner\"><\/div>\n\t\t<\/div>\n\t\t\t\t\t\t<\/div>\n\t\t\t\t<\/div>\n\t\t\t\t\t<\/div>\n\t\t<\/div>\n\t\t\t\t\t<\/div>\n\t\t<\/section>\n\t\t\t\t<\/div>\n\t\t","protected":false},"excerpt":{"rendered":"<p>soporte \u00e1rea cliente \u00bfTienes alguna duda, incidencia o necesitas asistencia con tu cuenta? Por favor, completa el siguiente formulario y nuestro equipo de soporte se pondr\u00e1 en contacto contigo lo antes posible.Cu\u00e9ntanos con detalle tu consulta para poder ayudarte de forma m\u00e1s r\u00e1pida y eficiente. Por favor, activa JavaScript en tu navegador para completar este [&hellip;]<\/p>\n","protected":false},"author":2,"featured_media":0,"parent":0,"menu_order":0,"comment_status":"closed","ping_status":"closed","template":"","meta":{"postBodyCss":"","postBodyMargin":[],"postBodyPadding":[],"postBodyBackground":{"backgroundType":"classic","gradient":""},"footnotes":""},"class_list":["post-2515","page","type-page","status-publish","hentry"],"_links":{"self":[{"href":"https:\/\/nopapersolution.com\/ca\/wp-json\/wp\/v2\/pages\/2515","targetHints":{"allow":["GET"]}}],"collection":[{"href":"https:\/\/nopapersolution.com\/ca\/wp-json\/wp\/v2\/pages"}],"about":[{"href":"https:\/\/nopapersolution.com\/ca\/wp-json\/wp\/v2\/types\/page"}],"author":[{"embeddable":true,"href":"https:\/\/nopapersolution.com\/ca\/wp-json\/wp\/v2\/users\/2"}],"replies":[{"embeddable":true,"href":"https:\/\/nopapersolution.com\/ca\/wp-json\/wp\/v2\/comments?post=2515"}],"version-history":[{"count":6,"href":"https:\/\/nopapersolution.com\/ca\/wp-json\/wp\/v2\/pages\/2515\/revisions"}],"predecessor-version":[{"id":2525,"href":"https:\/\/nopapersolution.com\/ca\/wp-json\/wp\/v2\/pages\/2515\/revisions\/2525"}],"wp:attachment":[{"href":"https:\/\/nopapersolution.com\/ca\/wp-json\/wp\/v2\/media?parent=2515"}],"curies":[{"name":"wp","href":"https:\/\/api.w.org\/{rel}","templated":true}]}}