{"id":305,"date":"2024-10-17T10:47:43","date_gmt":"2024-10-17T10:47:43","guid":{"rendered":"http:\/\/nopapersolution.com\/?page_id=305"},"modified":"2025-09-14T20:30:23","modified_gmt":"2025-09-14T20:30:23","slug":"soluciones","status":"publish","type":"page","link":"https:\/\/nopapersolution.com\/ca\/soluciones\/","title":{"rendered":"Solucions"},"content":{"rendered":"<div data-elementor-type=\"wp-page\" data-elementor-id=\"305\" class=\"elementor elementor-305\" data-elementor-post-type=\"page\">\n\t\t\t\t\t\t<section class=\"elementor-section elementor-top-section elementor-element elementor-element-52573e5c elementor-section-boxed elementor-section-height-default elementor-section-height-default\" data-id=\"52573e5c\" data-element_type=\"section\" data-e-type=\"section\" data-settings=\"{&quot;background_background&quot;:&quot;classic&quot;}\">\n\t\t\t\t\t\t\t<div class=\"elementor-background-overlay\"><\/div>\n\t\t\t\t\t\t\t<div class=\"elementor-container elementor-column-gap-default\">\n\t\t\t\t\t<div class=\"elementor-column elementor-col-100 elementor-top-column elementor-element elementor-element-2b0f08f3\" data-id=\"2b0f08f3\" data-element_type=\"column\" data-e-type=\"column\">\n\t\t\t<div class=\"elementor-widget-wrap elementor-element-populated\">\n\t\t\t\t\t\t<div class=\"elementor-element elementor-element-7ff42ada elementor-widget elementor-widget-heading\" data-id=\"7ff42ada\" data-element_type=\"widget\" data-e-type=\"widget\" data-widget_type=\"heading.default\">\n\t\t\t\t<div class=\"elementor-widget-container\">\n\t\t\t\t\t<h2 class=\"elementor-heading-title elementor-size-default\">Solucions<\/h2>\t\t\t\t<\/div>\n\t\t\t\t<\/div>\n\t\t\t\t<div class=\"elementor-element elementor-element-66b55ec1 elementor-icon-list--layout-inline elementor-align-center elementor-list-item-link-full_width elementor-widget elementor-widget-icon-list\" data-id=\"66b55ec1\" data-element_type=\"widget\" data-e-type=\"widget\" data-widget_type=\"icon-list.default\">\n\t\t\t\t<div class=\"elementor-widget-container\">\n\t\t\t\t\t\t\t<ul class=\"elementor-icon-list-items elementor-inline-items\">\n\t\t\t\t\t\t\t<li class=\"elementor-icon-list-item elementor-inline-item\">\n\t\t\t\t\t\t\t\t\t\t<span class=\"elementor-icon-list-text\">Inici<\/span>\n\t\t\t\t\t\t\t\t\t<\/li>\n\t\t\t\t\t\t\t\t<li class=\"elementor-icon-list-item elementor-inline-item\">\n\t\t\t\t\t\t\t\t\t\t\t<span class=\"elementor-icon-list-icon\">\n\t\t\t\t\t\t\t<svg aria-hidden=\"true\" class=\"e-font-icon-svg e-fas-chevron-right\" viewbox=\"0 0 320 512\" xmlns=\"http:\/\/www.w3.org\/2000\/svg\"><path d=\"M285.476 272.971L91.132 467.314c-9.373 9.373-24.569 9.373-33.941 0l-22.667-22.667c-9.357-9.357-9.375-24.522-.04-33.901L188.505 256 34.484 101.255c-9.335-9.379-9.317-24.544.04-33.901l22.667-22.667c9.373-9.373 24.569-9.373 33.941 0L285.475 239.03c9.373 9.372 9.373 24.568.001 33.941z\"><\/path><\/svg>\t\t\t\t\t\t<\/span>\n\t\t\t\t\t\t\t\t\t\t<span class=\"elementor-icon-list-text\">Solucions<\/span>\n\t\t\t\t\t\t\t\t\t<\/li>\n\t\t\t\t\t\t<\/ul>\n\t\t\t\t\t\t<\/div>\n\t\t\t\t<\/div>\n\t\t\t\t\t<\/div>\n\t\t<\/div>\n\t\t\t\t\t<\/div>\n\t\t<\/section>\n\t\t\t\t<section class=\"elementor-section elementor-top-section elementor-element elementor-element-3511ac91 elementor-section-boxed elementor-section-height-default elementor-section-height-default\" data-id=\"3511ac91\" data-element_type=\"section\" data-e-type=\"section\">\n\t\t\t\t\t\t<div class=\"elementor-container elementor-column-gap-default\">\n\t\t\t\t\t<div class=\"elementor-column elementor-col-100 elementor-top-column elementor-element elementor-element-51fede25\" data-id=\"51fede25\" data-element_type=\"column\" data-e-type=\"column\">\n\t\t\t<div class=\"elementor-widget-wrap elementor-element-populated\">\n\t\t\t\t\t\t<div class=\"elementor-element elementor-element-77f71f4e elementor-widget elementor-widget-heading\" data-id=\"77f71f4e\" data-element_type=\"widget\" data-e-type=\"widget\" data-widget_type=\"heading.default\">\n\t\t\t\t<div class=\"elementor-widget-container\">\n\t\t\t\t\t<h5 class=\"elementor-heading-title elementor-size-default\">LES NOSTRES SOLUCIONS<\/h5>\t\t\t\t<\/div>\n\t\t\t\t<\/div>\n\t\t\t\t<div class=\"elementor-element elementor-element-237c88c0 elementor-widget elementor-widget-heading\" data-id=\"237c88c0\" data-element_type=\"widget\" data-e-type=\"widget\" data-widget_type=\"heading.default\">\n\t\t\t\t<div class=\"elementor-widget-container\">\n\t\t\t\t\t<h2 class=\"elementor-heading-title elementor-size-default\">Solucions i \u00c0rees d\u2019Enfocament<\/h2>\t\t\t\t<\/div>\n\t\t\t\t<\/div>\n\t\t\t\t<section class=\"elementor-section elementor-inner-section elementor-element elementor-element-69cd40d7 elementor-section-boxed elementor-section-height-default elementor-section-height-default\" data-id=\"69cd40d7\" data-element_type=\"section\" data-e-type=\"section\">\n\t\t\t\t\t\t<div class=\"elementor-container elementor-column-gap-no\">\n\t\t\t\t\t<div class=\"elementor-column elementor-col-33 elementor-inner-column elementor-element elementor-element-3ceb281a\" data-id=\"3ceb281a\" data-element_type=\"column\" data-e-type=\"column\">\n\t\t\t<div class=\"elementor-widget-wrap elementor-element-populated\">\n\t\t\t\t\t\t<div class=\"elementor-element elementor-element-161a774c ekit-equal-height-enable elementor-widget elementor-widget-elementskit-icon-box\" data-id=\"161a774c\" data-element_type=\"widget\" data-e-type=\"widget\" data-widget_type=\"elementskit-icon-box.default\">\n\t\t\t\t<div class=\"elementor-widget-container\">\n\t\t\t\t\t<div class=\"ekit-wid-con\" >        <!-- link opening -->\n                <!-- end link opening -->\n\n        <div class=\"elementskit-infobox text-center text- icon-top-align elementor-animation-  gradient-active  hover_from_bottom\">\n                            <div class=\"elementskit-box-header\">\n                <div class=\"elementskit-info-box-icon\">\n                    <img decoding=\"async\" width=\"112\" height=\"99\" src=\"https:\/\/nopapersolution.com\/wp-content\/uploads\/2025\/04\/1-6.png\" class=\"attachment- size-\" alt=\"\" srcset=\"https:\/\/nopapersolution.com\/wp-content\/uploads\/2025\/04\/1-6.png 112w, https:\/\/nopapersolution.com\/wp-content\/uploads\/2025\/04\/1-6-14x12.png 14w\" sizes=\"(max-width: 112px) 100vw, 112px\" \/>                <\/div>\n          <\/div>\n                <div class=\"box-body\">\n                            <h3 class=\"elementskit-info-box-title\">\n                    Q-EASY                <\/h3>\n                        \t\t  \t<p>\u00c9s una eina revolucion\u00e0ria que transforma el proc\u00e9s de check-in i check-out als hotels.<\/p>\n                                        <div class=\"box-footer disable_hover_button\">\n                    <div class=\"btn-wraper\">\n                                                            <a class=\"elementskit-btn whitespace--normal\" href=\"https:\/\/nopapersolution.com\/ca\/digital-chech-in-digital-check-out\/\">\n                                        LLEGIR M\u00c9S                                        <i aria-hidden=\"true\" class=\"icon icon-right-arrow\"><\/i>                                    <\/a>\n                                                        <\/div>\n                <\/div>\n                    <\/div>\n        \n        \n                <\/div>\n        <\/div>\t\t\t\t<\/div>\n\t\t\t\t<\/div>\n\t\t\t\t\t<\/div>\n\t\t<\/div>\n\t\t\t\t<div class=\"elementor-column elementor-col-33 elementor-inner-column elementor-element elementor-element-6bbe5e83\" data-id=\"6bbe5e83\" data-element_type=\"column\" data-e-type=\"column\">\n\t\t\t<div class=\"elementor-widget-wrap elementor-element-populated\">\n\t\t\t\t\t\t<div class=\"elementor-element elementor-element-1d681489 ekit-equal-height-enable elementor-widget elementor-widget-elementskit-icon-box\" data-id=\"1d681489\" data-element_type=\"widget\" data-e-type=\"widget\" data-widget_type=\"elementskit-icon-box.default\">\n\t\t\t\t<div class=\"elementor-widget-container\">\n\t\t\t\t\t<div class=\"ekit-wid-con\" >        <!-- link opening -->\n                <!-- end link opening -->\n\n        <div class=\"elementskit-infobox text-center text- icon-top-align elementor-animation-  gradient-active  hover_from_bottom\">\n                            <div class=\"elementskit-box-header\">\n                <div class=\"elementskit-info-box-icon\">\n                    <img decoding=\"async\" width=\"112\" height=\"99\" src=\"https:\/\/nopapersolution.com\/wp-content\/uploads\/2025\/04\/2-7.png\" class=\"attachment- size-\" alt=\"\" srcset=\"https:\/\/nopapersolution.com\/wp-content\/uploads\/2025\/04\/2-7.png 112w, https:\/\/nopapersolution.com\/wp-content\/uploads\/2025\/04\/2-7-14x12.png 14w\" sizes=\"(max-width: 112px) 100vw, 112px\" \/>                <\/div>\n          <\/div>\n                <div class=\"box-body\">\n                            <h3 class=\"elementskit-info-box-title\">\n                    BUTLERFLY                <\/h3>\n                        \t\t  \t<p>Butlerfly \u00e9s una soluci\u00f3 de check-*in m\u00f2bil dissenyada per a portar l'hospitalitat al seg\u00fcent nivell<\/p>\n                                        <div class=\"box-footer disable_hover_button\">\n                    <div class=\"btn-wraper\">\n                                                            <a class=\"elementskit-btn whitespace--normal\" href=\"https:\/\/nopapersolution.com\/ca\/mobile-check-in-mobile-check-out\/\">\n                                        LLEGIR M\u00c9S                                        <i aria-hidden=\"true\" class=\"icon icon-right-arrow\"><\/i>                                    <\/a>\n                                                        <\/div>\n                <\/div>\n                    <\/div>\n        \n        \n                <\/div>\n        <\/div>\t\t\t\t<\/div>\n\t\t\t\t<\/div>\n\t\t\t\t\t<\/div>\n\t\t<\/div>\n\t\t\t\t<div class=\"elementor-column elementor-col-33 elementor-inner-column elementor-element elementor-element-3fa7f67c\" data-id=\"3fa7f67c\" data-element_type=\"column\" data-e-type=\"column\">\n\t\t\t<div class=\"elementor-widget-wrap elementor-element-populated\">\n\t\t\t\t\t\t<div class=\"elementor-element elementor-element-7757e800 ekit-equal-height-enable elementor-widget elementor-widget-elementskit-icon-box\" data-id=\"7757e800\" data-element_type=\"widget\" data-e-type=\"widget\" data-widget_type=\"elementskit-icon-box.default\">\n\t\t\t\t<div class=\"elementor-widget-container\">\n\t\t\t\t\t<div class=\"ekit-wid-con\" >        <!-- link opening -->\n                <!-- end link opening -->\n\n        <div class=\"elementskit-infobox text-center text- icon-top-align elementor-animation-  gradient-active  hover_from_bottom\">\n                            <div class=\"elementskit-box-header\">\n                <div class=\"elementskit-info-box-icon\">\n                    <img decoding=\"async\" width=\"112\" height=\"99\" src=\"https:\/\/nopapersolution.com\/wp-content\/uploads\/2025\/04\/3-7.png\" class=\"attachment- size-\" alt=\"\" srcset=\"https:\/\/nopapersolution.com\/wp-content\/uploads\/2025\/04\/3-7.png 112w, https:\/\/nopapersolution.com\/wp-content\/uploads\/2025\/04\/3-7-14x12.png 14w\" sizes=\"(max-width: 112px) 100vw, 112px\" \/>                <\/div>\n          <\/div>\n                <div class=\"box-body\">\n                            <h3 class=\"elementskit-info-box-title\">\n                    POLIC\u00cdA                <\/h3>\n                        \t\t  \t<p>\u00c9s una eina essencial per garantir que els hotels compleixin amb la normativa legal.<\/p>\n                                        <div class=\"box-footer disable_hover_button\">\n                    <div class=\"btn-wraper\">\n                                                            <a class=\"elementskit-btn whitespace--normal\" href=\"https:\/\/nopapersolution.com\/ca\/otros-servicios\/\">\n                                        LLEGIR M\u00c9S                                        <i aria-hidden=\"true\" class=\"icon icon-right-arrow\"><\/i>                                    <\/a>\n                                                        <\/div>\n                <\/div>\n                    <\/div>\n        \n        \n                <\/div>\n        <\/div>\t\t\t\t<\/div>\n\t\t\t\t<\/div>\n\t\t\t\t\t<\/div>\n\t\t<\/div>\n\t\t\t\t\t<\/div>\n\t\t<\/section>\n\t\t\t\t<section class=\"elementor-section elementor-inner-section elementor-element elementor-element-5407eca1 elementor-section-boxed elementor-section-height-default elementor-section-height-default\" data-id=\"5407eca1\" data-element_type=\"section\" data-e-type=\"section\">\n\t\t\t\t\t\t<div class=\"elementor-container elementor-column-gap-no\">\n\t\t\t\t\t<div class=\"elementor-column elementor-col-33 elementor-inner-column elementor-element elementor-element-1fbc47e6\" data-id=\"1fbc47e6\" data-element_type=\"column\" data-e-type=\"column\">\n\t\t\t<div class=\"elementor-widget-wrap elementor-element-populated\">\n\t\t\t\t\t\t<div class=\"elementor-element elementor-element-8fbab99 ekit-equal-height-disable elementor-widget elementor-widget-elementskit-icon-box\" data-id=\"8fbab99\" data-element_type=\"widget\" data-e-type=\"widget\" data-widget_type=\"elementskit-icon-box.default\">\n\t\t\t\t<div class=\"elementor-widget-container\">\n\t\t\t\t\t<div class=\"ekit-wid-con\" >        <!-- link opening -->\n                <!-- end link opening -->\n\n        <div class=\"elementskit-infobox text-center text- icon-top-align elementor-animation-  gradient-active  hover_from_bottom\">\n                            <div class=\"elementskit-box-header\">\n                <div class=\"elementskit-info-box-icon\">\n                    <img loading=\"lazy\" decoding=\"async\" width=\"112\" height=\"99\" src=\"https:\/\/nopapersolution.com\/wp-content\/uploads\/2025\/04\/5-6.png\" class=\"attachment- size-\" alt=\"\" srcset=\"https:\/\/nopapersolution.com\/wp-content\/uploads\/2025\/04\/5-6.png 112w, https:\/\/nopapersolution.com\/wp-content\/uploads\/2025\/04\/5-6-14x12.png 14w\" sizes=\"(max-width: 112px) 100vw, 112px\" \/>                <\/div>\n          <\/div>\n                <div class=\"box-body\">\n                            <h3 class=\"elementskit-info-box-title\">\n                    FACTURA ELECTR\u00d3NICA                <\/h3>\n                        \t\t  \t<p>\u00c9s una eina dissenyada per a optimitzar el proc\u00e9s de check-out als hotels<\/p>\n                                        <div class=\"box-footer disable_hover_button\">\n                    <div class=\"btn-wraper\">\n                                                            <a class=\"elementskit-btn whitespace--normal\" href=\"https:\/\/nopapersolution.com\/ca\/digital-chech-in-digital-check-out\/\">\n                                        LLEGIR M\u00c9S                                        <i aria-hidden=\"true\" class=\"icon icon-right-arrow\"><\/i>                                    <\/a>\n                                                        <\/div>\n                <\/div>\n                    <\/div>\n        \n        \n                <\/div>\n        <\/div>\t\t\t\t<\/div>\n\t\t\t\t<\/div>\n\t\t\t\t\t<\/div>\n\t\t<\/div>\n\t\t\t\t<div class=\"elementor-column elementor-col-33 elementor-inner-column elementor-element elementor-element-419fe3bd\" data-id=\"419fe3bd\" data-element_type=\"column\" data-e-type=\"column\">\n\t\t\t<div class=\"elementor-widget-wrap elementor-element-populated\">\n\t\t\t\t\t\t<div class=\"elementor-element elementor-element-1d7bcec6 ekit-equal-height-disable elementor-widget elementor-widget-elementskit-icon-box\" data-id=\"1d7bcec6\" data-element_type=\"widget\" data-e-type=\"widget\" data-widget_type=\"elementskit-icon-box.default\">\n\t\t\t\t<div class=\"elementor-widget-container\">\n\t\t\t\t\t<div class=\"ekit-wid-con\" >        <!-- link opening -->\n                <!-- end link opening -->\n\n        <div class=\"elementskit-infobox text-center text- icon-top-align elementor-animation-  gradient-active  hover_from_bottom\">\n                            <div class=\"elementskit-box-header\">\n                <div class=\"elementskit-info-box-icon\">\n                    <img loading=\"lazy\" decoding=\"async\" width=\"112\" height=\"99\" src=\"https:\/\/nopapersolution.com\/wp-content\/uploads\/2025\/04\/4-6.png\" class=\"attachment- size-\" alt=\"\" srcset=\"https:\/\/nopapersolution.com\/wp-content\/uploads\/2025\/04\/4-6.png 112w, https:\/\/nopapersolution.com\/wp-content\/uploads\/2025\/04\/4-6-14x12.png 14w\" sizes=\"(max-width: 112px) 100vw, 112px\" \/>                <\/div>\n          <\/div>\n                <div class=\"box-body\">\n                            <h3 class=\"elementskit-info-box-title\">\n                    ESTAD\u00cdSTIQUES                <\/h3>\n                        \t\t  \t<p>Facilita el compliment de les normatives locals en automatitzar la generaci\u00f3 i enviament de les dades<\/p>\n                                        <div class=\"box-footer disable_hover_button\">\n                    <div class=\"btn-wraper\">\n                                                            <a class=\"elementskit-btn whitespace--normal\" href=\"https:\/\/nopapersolution.com\/ca\/otros-servicios\/\">\n                                        LLEGIR M\u00c9S                                        <i aria-hidden=\"true\" class=\"icon icon-right-arrow\"><\/i>                                    <\/a>\n                                                        <\/div>\n                <\/div>\n                    <\/div>\n        \n        \n                <\/div>\n        <\/div>\t\t\t\t<\/div>\n\t\t\t\t<\/div>\n\t\t\t\t\t<\/div>\n\t\t<\/div>\n\t\t\t\t<div class=\"elementor-column elementor-col-33 elementor-inner-column elementor-element elementor-element-2245cb73\" data-id=\"2245cb73\" data-element_type=\"column\" data-e-type=\"column\">\n\t\t\t<div class=\"elementor-widget-wrap elementor-element-populated\">\n\t\t\t\t\t\t<div class=\"elementor-element elementor-element-40d08cf4 ekit-equal-height-disable elementor-widget elementor-widget-elementskit-icon-box\" data-id=\"40d08cf4\" data-element_type=\"widget\" data-e-type=\"widget\" data-widget_type=\"elementskit-icon-box.default\">\n\t\t\t\t<div class=\"elementor-widget-container\">\n\t\t\t\t\t<div class=\"ekit-wid-con\" >        <!-- link opening -->\n                <!-- end link opening -->\n\n        <div class=\"elementskit-infobox text-center text- icon-top-align elementor-animation-  gradient-active  hover_from_bottom\">\n                            <div class=\"elementskit-box-header\">\n                <div class=\"elementskit-info-box-icon\">\n                    <img loading=\"lazy\" decoding=\"async\" width=\"112\" height=\"99\" src=\"https:\/\/nopapersolution.com\/wp-content\/uploads\/2025\/04\/6-6.png\" class=\"attachment- size-\" alt=\"\" srcset=\"https:\/\/nopapersolution.com\/wp-content\/uploads\/2025\/04\/6-6.png 112w, https:\/\/nopapersolution.com\/wp-content\/uploads\/2025\/04\/6-6-14x12.png 14w\" sizes=\"(max-width: 112px) 100vw, 112px\" \/>                <\/div>\n          <\/div>\n                <div class=\"box-body\">\n                            <h3 class=\"elementskit-info-box-title\">\n                    HOSTING                <\/h3>\n                        \t\t  \t<p>Proporciona als hotels una plataforma segura i fiable per a l'emmagatzematge de documents <\/p>\n                                        <div class=\"box-footer disable_hover_button\">\n                    <div class=\"btn-wraper\">\n                                                            <a class=\"elementskit-btn whitespace--normal\" href=\"https:\/\/nopapersolution.com\/ca\/otros-servicios\/\">\n                                        LLEGIR M\u00c9S                                        <i aria-hidden=\"true\" class=\"icon icon-right-arrow\"><\/i>                                    <\/a>\n                                                        <\/div>\n                <\/div>\n                    <\/div>\n        \n        \n                <\/div>\n        <\/div>\t\t\t\t<\/div>\n\t\t\t\t<\/div>\n\t\t\t\t\t<\/div>\n\t\t<\/div>\n\t\t\t\t\t<\/div>\n\t\t<\/section>\n\t\t\t\t\t<\/div>\n\t\t<\/div>\n\t\t\t\t\t<\/div>\n\t\t<\/section>\n\t\t\t\t<\/div>","protected":false},"excerpt":{"rendered":"<p>Soluciones Home Soluciones nuestRAS SOLUCIONES Soluciones y \u00c1reas de enfoque Q-EASY Es una herramienta revolucionaria que transforma el proceso de check-in y check-out en hoteles Leer m\u00e1s BUTLERFLY Butlerfly es una soluci\u00f3n de check-in m\u00f3vil dise\u00f1ada para llevar la hospitalidad al siguiente nivel Leer m\u00e1s POLIC\u00cdA Es una herramienta esencial para garantizar que los hoteles [&hellip;]<\/p>\n","protected":false},"author":1,"featured_media":0,"parent":0,"menu_order":0,"comment_status":"closed","ping_status":"closed","template":"elementor_header_footer","meta":{"postBodyCss":"","postBodyMargin":[],"postBodyPadding":[],"postBodyBackground":{"backgroundType":"classic","gradient":""},"footnotes":""},"class_list":["post-305","page","type-page","status-publish","hentry"],"_links":{"self":[{"href":"https:\/\/nopapersolution.com\/ca\/wp-json\/wp\/v2\/pages\/305","targetHints":{"allow":["GET"]}}],"collection":[{"href":"https:\/\/nopapersolution.com\/ca\/wp-json\/wp\/v2\/pages"}],"about":[{"href":"https:\/\/nopapersolution.com\/ca\/wp-json\/wp\/v2\/types\/page"}],"author":[{"embeddable":true,"href":"https:\/\/nopapersolution.com\/ca\/wp-json\/wp\/v2\/users\/1"}],"replies":[{"embeddable":true,"href":"https:\/\/nopapersolution.com\/ca\/wp-json\/wp\/v2\/comments?post=305"}],"version-history":[{"count":60,"href":"https:\/\/nopapersolution.com\/ca\/wp-json\/wp\/v2\/pages\/305\/revisions"}],"predecessor-version":[{"id":3414,"href":"https:\/\/nopapersolution.com\/ca\/wp-json\/wp\/v2\/pages\/305\/revisions\/3414"}],"wp:attachment":[{"href":"https:\/\/nopapersolution.com\/ca\/wp-json\/wp\/v2\/media?parent=305"}],"curies":[{"name":"wp","href":"https:\/\/api.w.org\/{rel}","templated":true}]}}